{"id":1347,"date":"2026-01-24T12:16:07","date_gmt":"2026-01-24T17:16:07","guid":{"rendered":"https:\/\/baronbodyworks.ca\/newsletter\/"},"modified":"2026-01-27T11:30:24","modified_gmt":"2026-01-27T16:30:24","slug":"infolettre","status":"publish","type":"page","link":"https:\/\/baronbodyworks.ca\/fr\/infolettre\/","title":{"rendered":"Infolettre"},"content":{"rendered":"\t\t<div data-elementor-type=\"wp-page\" data-elementor-id=\"1347\" class=\"elementor elementor-1347 elementor-1099\" data-elementor-post-type=\"page\">\n\t\t\t\t<div class=\"elementor-element elementor-element-d5bcb71 e-flex e-con-boxed e-con e-parent\" data-id=\"d5bcb71\" data-element_type=\"container\" data-e-type=\"container\">\n\t\t\t\t\t<div class=\"e-con-inner\">\n\t\t\t\t<div class=\"elementor-element elementor-element-8c8d5c1 elementor-widget elementor-widget-heading\" data-id=\"8c8d5c1\" data-element_type=\"widget\" data-e-type=\"widget\" data-widget_type=\"heading.default\">\n\t\t\t\t<div class=\"elementor-widget-container\">\n\t\t\t\t\t<h1 class=\"elementor-heading-title elementor-size-default\">Abonnez-vous \u00e0 notre infolettre\n<\/h1>\t\t\t\t<\/div>\n\t\t\t\t<\/div>\n\t\t<div class=\"elementor-element elementor-element-da6b4d2 e-con-full e-flex e-con e-child\" data-id=\"da6b4d2\" data-element_type=\"container\" data-e-type=\"container\" data-settings=\"{&quot;background_background&quot;:&quot;classic&quot;}\">\n\t\t\t\t<div class=\"elementor-element elementor-element-743ba00 elementor-widget elementor-widget-html\" data-id=\"743ba00\" data-element_type=\"widget\" data-e-type=\"widget\" data-widget_type=\"html.default\">\n\t\t\t\t<div class=\"elementor-widget-container\">\n\t\t\t\t\t<!-- Begin Mailchimp Signup Form -->\n<link href=\"\/\/cdn-images.mailchimp.com\/embedcode\/classic-10_7.css\" rel=\"stylesheet\" type=\"text\/css\">\n<style type=\"text\/css\">\n\t#mc_embed_signup{background:transparent; clear:left; font:14px Helvetica,Arial,sans-serif; }\n\/* Add your own Mailchimp form style overrides in your site stylesheet or in this style block.\nWe recommend moving this block and the preceding CSS link to the HEAD of your HTML file. *\/\n<\/style>\n<div id=\"mc_embed_signup\">\n<form action=\"https:\/\/baronbodyworks.us11.list-manage.com\/subscribe\/post?u=20966986c9ba82880f40f6e46&amp;id=3ded12f0e1\" method=\"post\" id=\"mc-embedded-subscribe-form\" name=\"mc-embedded-subscribe-form\" class=\"validate\" target=\"_blank\" novalidate>\n<div id=\"mc_embed_signup_scroll\">\n\t\n<div class=\"indicates-required\"><span class=\"asterisk\">*<\/span> indique un champ obligatoire<\/div>\n<div class=\"mc-field-group\">\n\t<label for=\"mce-EMAIL\">Courriel <span class=\"asterisk\">*<\/span>\n<\/label>\n\t<input type=\"email\" value=\"\" name=\"EMAIL\" class=\"required email\" id=\"mce-EMAIL\">\n<\/div>\n<div class=\"mc-field-group\">\n\t<label for=\"mce-FNAME\">Pr\u00e9nom <\/label>\n\t<input type=\"text\" value=\"\" name=\"FNAME\" class=\"\" id=\"mce-FNAME\">\n<\/div>\n<div class=\"mc-field-group\">\n\t<label for=\"mce-LNAME\">Nom <\/label>\n\t<input type=\"text\" value=\"\" name=\"LNAME\" class=\"\" id=\"mce-LNAME\">\n<\/div>\n<div class=\"mc-field-group\">\n\t<label for=\"mce-MMERGE3\">Province <\/label>\n\t<select name=\"MMERGE3\" class=\"\" id=\"mce-MMERGE3\">\n\t<option value=\"\"><\/option>\n\t<option value=\"AB\">AB<\/option>\n<option value=\"BC\">BC<\/option>\n<option value=\"MB\">MB<\/option>\n<option value=\"NB\">NB<\/option>\n<option value=\"NL\">NL<\/option>\n<option value=\"NS\">NS<\/option>\n<option value=\"ON\">ON<\/option>\n<option value=\"PE\">PE<\/option>\n<option value=\"SK\">SK<\/option>\n<option value=\"QC\">QC<\/option>\n<option value=\"YU\">YU<\/option>\n<option value=\"USA\">USA<\/option>\n\n\t<\/select>\n<\/div>\n<div class=\"mc-field-group input-group\">\n<strong>Langue pr\u00e9fer\u00e9e <\/strong>\n<ul><li><input type=\"radio\" value=\"English\" name=\"MMERGE6\" id=\"mce-MMERGE6-0\"><label for=\"mce-MMERGE6-0\">Anglais<\/label><\/li>\n<li><input type=\"radio\" value=\"French\" name=\"MMERGE6\" id=\"mce-MMERGE6-1\"><label for=\"mce-MMERGE6-1\">Fran\u00e7ais<\/label><\/li>\n<\/ul>\n<\/div>\n<div class=\"mc-field-group input-group\">\n<strong>Cours compl\u00e9t\u00e9(s) <\/strong>\n<ul><li><input type=\"checkbox\" value=\"1\" name=\"group[23093][1]\" id=\"mce-group[23093]-23093-0\"><label for=\"mce-group[23093]-23093-0\">Niveau 1<\/label><\/li>\n<li><input type=\"checkbox\" value=\"2\" name=\"group[23093][2]\" id=\"mce-group[23093]-23093-1\"><label for=\"mce-group[23093]-23093-1\">Niveau 2<\/label><\/li>\n<li><input type=\"checkbox\" value=\"4\" name=\"group[23093][4]\" id=\"mce-group[23093]-23093-2\"><label for=\"mce-group[23093]-23093-2\">Niveau 3<\/label><\/li>\n<li><input type=\"checkbox\" value=\"8\" name=\"group[23093][8]\" id=\"mce-group[23093]-23093-3\"><label for=\"mce-group[23093]-23093-3\">Atelier<\/label><\/li>\n<li><input type=\"checkbox\" value=\"16\" name=\"group[23093][16]\" id=\"mce-group[23093]-23093-4\"><label for=\"mce-group[23093]-23093-4\">Aucun<\/label><\/li>\n<\/ul>\n<\/div>\n<div class=\"mc-field-group input-group\">\n<strong>Profession <\/strong>\n<ul><li><input type=\"checkbox\" value=\"32\" name=\"group[23097][32]\" id=\"mce-group[23097]-23097-0\"><label for=\"mce-group[23097]-23097-0\">Massoth\u00e9rapeute<\/label><\/li>\n<li><input type=\"checkbox\" value=\"64\" name=\"group[23097][64]\" id=\"mce-group[23097]-23097-1\"><label for=\"mce-group[23097]-23097-1\">Physioth\u00e9rapeute<\/label><\/li>\n<li><input type=\"checkbox\" value=\"128\" name=\"group[23097][128]\" id=\"mce-group[23097]-23097-2\"><label for=\"mce-group[23097]-23097-2\">Th\u00e9rapeute athl\u00e9tique<\/label><\/li>\n<li><input type=\"checkbox\" value=\"256\" name=\"group[23097][256]\" id=\"mce-group[23097]-23097-3\"><label for=\"mce-group[23097]-23097-3\">TRP<\/label><\/li>\n<li><input type=\"checkbox\" value=\"512\" name=\"group[23097][512]\" id=\"mce-group[23097]-23097-4\"><label for=\"mce-group[23097]-23097-4\">Kin\u00e9siologue<\/label><\/li>\n<li><input type=\"checkbox\" value=\"1024\" name=\"group[23097][1024]\" id=\"mce-group[23097]-23097-5\"><label for=\"mce-group[23097]-23097-5\">Autre<\/label><\/li>\n<\/ul>\n<\/div>\n\t<div id=\"mce-responses\" class=\"clear\">\n\t\t<div class=\"response\" id=\"mce-error-response\" style=\"display:none\"><\/div>\n\t\t<div class=\"response\" id=\"mce-success-response\" style=\"display:none\"><\/div>\n\t<\/div><!-- real people should not fill this in and expect good things - do not remove this or risk form bot signups-->\n<div style=\"position: absolute; left: -5000px;\" aria-hidden=\"true\"><input type=\"text\" name=\"b_20966986c9ba82880f40f6e46_3ded12f0e1\" tabindex=\"-1\" value=\"\"><\/div>\n<div class=\"clear\"><input type=\"submit\" value=\"S'inscrire\" name=\"subscribe\" id=\"mc-embedded-subscribe\" class=\"button\"><\/div>\n<\/div>\n<\/form>\n<\/div>\n<script type='text\/javascript' src='\/\/s3.amazonaws.com\/downloads.mailchimp.com\/js\/mc-validate.js'><\/script><script type='text\/javascript'>(function($) {window.fnames = new Array(); window.ftypes = new Array();fnames[0]='EMAIL';ftypes[0]='email';fnames[1]='FNAME';ftypes[1]='text';fnames[2]='LNAME';ftypes[2]='text';fnames[3]='MMERGE3';ftypes[3]='dropdown';fnames[6]='MMERGE6';ftypes[6]='radio';}(jQuery));var $mcj = jQuery.noConflict(true);<\/script>\n<!--End mc_embed_signup-->\t\t\t\t<\/div>\n\t\t\t\t<\/div>\n\t\t\t\t<\/div>\n\t\t\t\t\t<\/div>\n\t\t\t\t<\/div>\n\t\t\t\t<\/div>\n\t\t","protected":false},"excerpt":{"rendered":"<p>Abonnez-vous \u00e0 notre infolettre * indique un champ obligatoire Courriel * Pr\u00e9nom Nom Province ABBCMBNBNLNSONPESKQCYUUSA Langue pr\u00e9fer\u00e9e Anglais Fran\u00e7ais Cours compl\u00e9t\u00e9(s) Niveau 1 Niveau 2 Niveau 3 Atelier Aucun Profession Massoth\u00e9rapeute Physioth\u00e9rapeute Th\u00e9rapeute athl\u00e9tique TRP Kin\u00e9siologue Autre<\/p>\n","protected":false},"author":1,"featured_media":0,"parent":0,"menu_order":0,"comment_status":"closed","ping_status":"closed","template":"","meta":{"footnotes":""},"class_list":["post-1347","page","type-page","status-publish","hentry"],"_links":{"self":[{"href":"https:\/\/baronbodyworks.ca\/fr\/wp-json\/wp\/v2\/pages\/1347","targetHints":{"allow":["GET"]}}],"collection":[{"href":"https:\/\/baronbodyworks.ca\/fr\/wp-json\/wp\/v2\/pages"}],"about":[{"href":"https:\/\/baronbodyworks.ca\/fr\/wp-json\/wp\/v2\/types\/page"}],"author":[{"embeddable":true,"href":"https:\/\/baronbodyworks.ca\/fr\/wp-json\/wp\/v2\/users\/1"}],"replies":[{"embeddable":true,"href":"https:\/\/baronbodyworks.ca\/fr\/wp-json\/wp\/v2\/comments?post=1347"}],"version-history":[{"count":7,"href":"https:\/\/baronbodyworks.ca\/fr\/wp-json\/wp\/v2\/pages\/1347\/revisions"}],"predecessor-version":[{"id":1359,"href":"https:\/\/baronbodyworks.ca\/fr\/wp-json\/wp\/v2\/pages\/1347\/revisions\/1359"}],"wp:attachment":[{"href":"https:\/\/baronbodyworks.ca\/fr\/wp-json\/wp\/v2\/media?parent=1347"}],"curies":[{"name":"wp","href":"https:\/\/api.w.org\/{rel}","templated":true}]}}