{"id":1247,"date":"2026-01-11T18:14:46","date_gmt":"2026-01-11T23:14:46","guid":{"rendered":"https:\/\/baronbodyworks.ca\/workshops-and-conferences\/"},"modified":"2026-04-01T09:39:07","modified_gmt":"2026-04-01T13:39:07","slug":"ateliers-et-conferences","status":"publish","type":"page","link":"https:\/\/baronbodyworks.ca\/fr\/ateliers-et-conferences\/","title":{"rendered":"Ateliers et conf\u00e9rences"},"content":{"rendered":"\t\t<div data-elementor-type=\"wp-page\" data-elementor-id=\"1247\" class=\"elementor elementor-1247 elementor-846\" data-elementor-post-type=\"page\">\n\t\t\t\t<div class=\"elementor-element elementor-element-8930646 e-flex e-con-boxed e-con e-parent\" data-id=\"8930646\" data-element_type=\"container\" data-e-type=\"container\" data-settings=\"{&quot;background_background&quot;:&quot;gradient&quot;}\">\n\t\t\t\t\t<div class=\"e-con-inner\">\n\t\t<div class=\"elementor-element elementor-element-6659c870 e-con-full e-flex e-con e-child\" data-id=\"6659c870\" data-element_type=\"container\" data-e-type=\"container\">\n\t\t\t\t<div class=\"elementor-element elementor-element-1f5c547c elementor-widget elementor-widget-heading\" data-id=\"1f5c547c\" data-element_type=\"widget\" data-e-type=\"widget\" data-widget_type=\"heading.default\">\n\t\t\t\t<div class=\"elementor-widget-container\">\n\t\t\t\t\t<h1 class=\"elementor-heading-title elementor-size-default\">Ateliers et conf\u00e9rences<\/h1>\t\t\t\t<\/div>\n\t\t\t\t<\/div>\n\t\t\t\t<\/div>\n\t\t<div class=\"elementor-element elementor-element-df5ce5c e-con-full e-flex e-con e-child\" data-id=\"df5ce5c\" data-element_type=\"container\" data-e-type=\"container\" data-settings=\"{&quot;background_background&quot;:&quot;classic&quot;}\">\n\t\t<div class=\"elementor-element elementor-element-51f5c8b e-con-full e-flex e-con e-child\" data-id=\"51f5c8b\" data-element_type=\"container\" data-e-type=\"container\">\n\t\t\t\t<div class=\"elementor-element elementor-element-29994e7 elementor-widget elementor-widget-image\" data-id=\"29994e7\" data-element_type=\"widget\" data-e-type=\"widget\" data-widget_type=\"image.default\">\n\t\t\t\t<div class=\"elementor-widget-container\">\n\t\t\t\t\t\t\t\t\t\t\t\t\t\t\t<img fetchpriority=\"high\" decoding=\"async\" width=\"500\" height=\"500\" src=\"https:\/\/baronbodyworks.ca\/wp-content\/uploads\/2026\/01\/massage-therapy-summit-logo.png\" class=\"attachment-large size-large wp-image-1249\" alt=\"\" srcset=\"https:\/\/baronbodyworks.ca\/wp-content\/uploads\/2026\/01\/massage-therapy-summit-logo.png 500w, https:\/\/baronbodyworks.ca\/wp-content\/uploads\/2026\/01\/massage-therapy-summit-logo-300x300.png 300w, https:\/\/baronbodyworks.ca\/wp-content\/uploads\/2026\/01\/massage-therapy-summit-logo-150x150.png 150w\" sizes=\"(max-width: 500px) 100vw, 500px\" \/>\t\t\t\t\t\t\t\t\t\t\t\t\t\t\t<\/div>\n\t\t\t\t<\/div>\n\t\t\t\t<\/div>\n\t\t<div class=\"elementor-element elementor-element-9ec6092 e-con-full e-flex e-con e-child\" data-id=\"9ec6092\" data-element_type=\"container\" data-e-type=\"container\">\n\t\t\t\t<div class=\"elementor-element elementor-element-11991eba elementor-widget elementor-widget-heading\" data-id=\"11991eba\" data-element_type=\"widget\" data-e-type=\"widget\" data-widget_type=\"heading.default\">\n\t\t\t\t<div class=\"elementor-widget-container\">\n\t\t\t\t\t<h2 class=\"elementor-heading-title elementor-size-default\">Sommet canadien de la massoth\u00e9rapie<\/h2>\t\t\t\t<\/div>\n\t\t\t\t<\/div>\n\t\t\t\t<div class=\"elementor-element elementor-element-43d80d8 elementor-widget__width-initial elementor-widget elementor-widget-text-editor\" data-id=\"43d80d8\" data-element_type=\"widget\" data-e-type=\"widget\" data-widget_type=\"text-editor.default\">\n\t\t\t\t<div class=\"elementor-widget-container\">\n\t\t\t\t\t\t\t\t\t<p>BetsyAnn Baron a agi comme juge et conf\u00e9renci\u00e8re au Sommet canadien de la massoth\u00e9rapie depuis sa cr\u00e9ation. Au cours des ann\u00e9es pr\u00e9c\u00e9dentes, sa conf\u00e9rence posait la question : \u00ab O\u00f9 habitez-vous dans votre corps ? \u00bb. Cette ann\u00e9e, elle propose une nouvelle conf\u00e9rence ax\u00e9e sur les techniques de conscience posturale, un processus d\u2019\u00e9valuation subjective applicable \u00e0 tous les massoth\u00e9rapeutes.<\/p>\t\t\t\t\t\t\t\t<\/div>\n\t\t\t\t<\/div>\n\t\t<div class=\"elementor-element elementor-element-731081a e-con-full e-flex e-con e-child\" data-id=\"731081a\" data-element_type=\"container\" data-e-type=\"container\">\n\t\t\t\t<div class=\"elementor-element elementor-element-4460ed6 elementor-widget elementor-widget-text-editor\" data-id=\"4460ed6\" data-element_type=\"widget\" data-e-type=\"widget\" data-widget_type=\"text-editor.default\">\n\t\t\t\t<div class=\"elementor-widget-container\">\n\t\t\t\t\t\t\t\t\t<p>Dimanche 19 avril<\/p><p>12h15-13h45 \u2013 <strong>Being Bodyful\u2122 : \u00c9couter la posture \u2014 Quand la conscience devient lecture clinique<\/strong><\/p><p>BetsyAnn Baron<br \/>Atelier (90 min \u2013 Bilingue)<\/p>\t\t\t\t\t\t\t\t<\/div>\n\t\t\t\t<\/div>\n\t\t\t\t<\/div>\n\t\t\t\t<div class=\"elementor-element elementor-element-1daf840 elementor-align-left elementor-tablet-align-justify elementor-widget elementor-widget-button\" data-id=\"1daf840\" data-element_type=\"widget\" data-e-type=\"widget\" data-widget_type=\"button.default\">\n\t\t\t\t<div class=\"elementor-widget-container\">\n\t\t\t\t\t\t\t\t\t<div class=\"elementor-button-wrapper\">\n\t\t\t\t\t<a class=\"elementor-button elementor-button-link elementor-size-sm\" href=\"https:\/\/sommetdelamassotherapie.ca\/conferences\/\" target=\"_blank\">\n\t\t\t\t\t\t<span class=\"elementor-button-content-wrapper\">\n\t\t\t\t\t\t<span class=\"elementor-button-icon\">\n\t\t\t\t<svg aria-hidden=\"true\" class=\"e-font-icon-svg e-fas-long-arrow-alt-right\" viewBox=\"0 0 448 512\" xmlns=\"http:\/\/www.w3.org\/2000\/svg\"><path d=\"M313.941 216H12c-6.627 0-12 5.373-12 12v56c0 6.627 5.373 12 12 12h301.941v46.059c0 21.382 25.851 32.09 40.971 16.971l86.059-86.059c9.373-9.373 9.373-24.569 0-33.941l-86.059-86.059c-15.119-15.119-40.971-4.411-40.971 16.971V216z\"><\/path><\/svg>\t\t\t<\/span>\n\t\t\t\t\t\t\t\t\t<span class=\"elementor-button-text\">En savoir plus<\/span>\n\t\t\t\t\t<\/span>\n\t\t\t\t\t<\/a>\n\t\t\t\t<\/div>\n\t\t\t\t\t\t\t\t<\/div>\n\t\t\t\t<\/div>\n\t\t\t\t<\/div>\n\t\t\t\t<\/div>\n\t\t<div class=\"elementor-element elementor-element-ac5b513 e-con-full e-flex e-con e-child\" data-id=\"ac5b513\" data-element_type=\"container\" data-e-type=\"container\" data-settings=\"{&quot;background_background&quot;:&quot;classic&quot;}\">\n\t\t<div class=\"elementor-element elementor-element-abe8bce e-con-full e-flex e-con e-child\" data-id=\"abe8bce\" data-element_type=\"container\" data-e-type=\"container\">\n\t\t\t\t<div class=\"elementor-element elementor-element-ac7ab15 elementor-widget elementor-widget-image\" data-id=\"ac7ab15\" data-element_type=\"widget\" data-e-type=\"widget\" data-widget_type=\"image.default\">\n\t\t\t\t<div class=\"elementor-widget-container\">\n\t\t\t\t\t\t\t\t\t\t\t\t\t\t\t<img decoding=\"async\" width=\"500\" height=\"500\" src=\"https:\/\/baronbodyworks.ca\/wp-content\/uploads\/2026\/01\/spa-eastman-logo.png\" class=\"attachment-large size-large wp-image-1251\" alt=\"\" srcset=\"https:\/\/baronbodyworks.ca\/wp-content\/uploads\/2026\/01\/spa-eastman-logo.png 500w, https:\/\/baronbodyworks.ca\/wp-content\/uploads\/2026\/01\/spa-eastman-logo-300x300.png 300w, https:\/\/baronbodyworks.ca\/wp-content\/uploads\/2026\/01\/spa-eastman-logo-150x150.png 150w\" sizes=\"(max-width: 500px) 100vw, 500px\" \/>\t\t\t\t\t\t\t\t\t\t\t\t\t\t\t<\/div>\n\t\t\t\t<\/div>\n\t\t\t\t<\/div>\n\t\t<div class=\"elementor-element elementor-element-cbd29d9 e-con-full e-flex e-con e-child\" data-id=\"cbd29d9\" data-element_type=\"container\" data-e-type=\"container\">\n\t\t\t\t<div class=\"elementor-element elementor-element-4c01ca5 elementor-widget elementor-widget-heading\" data-id=\"4c01ca5\" data-element_type=\"widget\" data-e-type=\"widget\" data-widget_type=\"heading.default\">\n\t\t\t\t<div class=\"elementor-widget-container\">\n\t\t\t\t\t<h2 class=\"elementor-heading-title elementor-size-default\">Being Bodyful\u2122 au Spa Eastman<\/h2>\t\t\t\t<\/div>\n\t\t\t\t<\/div>\n\t\t\t\t<div class=\"elementor-element elementor-element-c9a9a69 elementor-widget__width-initial elementor-widget elementor-widget-text-editor\" data-id=\"c9a9a69\" data-element_type=\"widget\" data-e-type=\"widget\" data-widget_type=\"text-editor.default\">\n\t\t\t\t<div class=\"elementor-widget-container\">\n\t\t\t\t\t\t\t\t\t<p>Being Bodyful\u2122 est une invitation \u00e0 d\u00e9couvrir comment vous habitez votre corps. \u00c0 travers une attention simple et guid\u00e9e, vous commencez \u00e0 remarquer comment les habitudes du quotidien \u2014 la fa\u00e7on dont vous \u00eates assis dans la voiture, debout \u00e0 l\u2019\u00e9vier de la cuisine ou d\u00e9tendu devant la t\u00e9l\u00e9vision, par exemple \u2014 influencent le confort, les tensions et la sensation d\u2019aisance.<\/p><p>En portant attention \u00e0 la posture, \u00e0 la respiration et au mouvement, Being Bodyful\u2122 vous aide \u00e0 reconna\u00eetre que le changement est possible. De l\u00e9gers d\u00e9placements de conscience peuvent conduire \u00e0 des transformations significatives de l\u2019inconfort physique, soutenant une relation plus confortable et plus r\u00e9ceptive avec votre corps au fil de la vie quotidienne.<\/p>\t\t\t\t\t\t\t\t<\/div>\n\t\t\t\t<\/div>\n\t\t<div class=\"elementor-element elementor-element-aa77f65 e-con-full e-flex e-con e-child\" data-id=\"aa77f65\" data-element_type=\"container\" data-e-type=\"container\">\n\t\t\t\t<div class=\"elementor-element elementor-element-3447f4a elementor-widget elementor-widget-text-editor\" data-id=\"3447f4a\" data-element_type=\"widget\" data-e-type=\"widget\" data-widget_type=\"text-editor.default\">\n\t\t\t\t<div class=\"elementor-widget-container\">\n\t\t\t\t\t\t\t\t\t<p>26 mars<\/p><p>17h00 \u2013 Conf\u00e9rence <strong>Le fascia et notre posture<\/strong><br \/>20h00 \u2013 Atelier <strong>O\u00f9 habitez-vous dans votre corps?<\/strong><\/p><hr \/><p>23 avril<\/p><p>17h00 \u2013 Conf\u00e9rence <strong>Le fascia et notre posture<\/strong><br \/>20h00 \u2013 Atelier <strong>O\u00f9 habitez-vous dans votre corps?<\/strong><\/p><hr \/><p>15 mai<\/p><p>17h00 \u2013 Conf\u00e9rence <strong>Le fascia et notre posture<\/strong><br \/>20h00 \u2013 Atelier <strong>O\u00f9 habitez-vous dans votre corps?<\/strong><\/p><hr \/><p>17 juin<\/p><p>17h00 \u2013 Conf\u00e9rence <strong>Le fascia et notre posture<\/strong><br \/>20h00 \u2013 Atelier <strong>O\u00f9 habitez-vous dans votre corps?<\/strong><\/p><hr \/><p><strong>D&rsquo;autres dates \u00e0 venir !<\/strong><\/p>\t\t\t\t\t\t\t\t<\/div>\n\t\t\t\t<\/div>\n\t\t\t\t<div class=\"elementor-element elementor-element-4658d08 elementor-align-left elementor-tablet-align-justify elementor-widget elementor-widget-button\" data-id=\"4658d08\" data-element_type=\"widget\" data-e-type=\"widget\" data-widget_type=\"button.default\">\n\t\t\t\t<div class=\"elementor-widget-container\">\n\t\t\t\t\t\t\t\t\t<div class=\"elementor-button-wrapper\">\n\t\t\t\t\t<a class=\"elementor-button elementor-button-link elementor-size-sm\" href=\"https:\/\/calendar.google.com\/calendar\/u\/0\/embed?height=600&#038;wkst=2&#038;ctz=America\/Toronto&#038;showCalendars=0&#038;showTz=0&#038;mode=WEEK&#038;src=c3BhZWFzdG1hbkBnbWFpbC5jb20&#038;src=OGQzZDhiZTcxYWViM2ViOTI0ZDY2NTQzMmJlMGQ3ZGMxMjc5MDY3YWY5Y2ZmNjkzNDliNjE2MmRhMGVkZTRhN0Bncm91cC5jYWxlbmRhci5nb29nbGUuY29t&#038;src=OTQwMmJjMzAwZTAzYjdlNDk0NTY0MjNjZGNiMTI5NDJiZDdhOWI0ZWNlYjU2MDc0MDFlYTVhMWIyZGZmOTJhZUBncm91cC5jYWxlbmRhci5nb29nbGUuY29t&#038;src=NGRmYmRkZjNhZDY3NjY0MWFkZmM5MzZkODkwOWQzNGU5Zjk1Yzg3OGY1ZTg0NTE5ZmQyNjVmN2Y4MzNmMWRhNkBncm91cC5jYWxlbmRhci5nb29nbGUuY29t&#038;src=YzNlMDUyYmViOTEwM2JmNjgxY2U2YWZlOTVjODY0YjM4ZjA0NGRmZTJmNzU3MzMzZWVjZWY3MjNjZDAzNjA3YUBncm91cC5jYWxlbmRhci5nb29nbGUuY29t&#038;color=%23788c6b&#038;color=%23788c6b&#038;color=%23acb8a4&#038;color=%2346513f&#038;color=%23a64526%22+style%3D%22border-width:0%22+width%3D%22800%22+height%3D%22600%22+frameborder%3D%220%22+scrolling%3D%22no%22&#038;pli=1\" target=\"_blank\">\n\t\t\t\t\t\t<span class=\"elementor-button-content-wrapper\">\n\t\t\t\t\t\t<span class=\"elementor-button-icon\">\n\t\t\t\t<svg aria-hidden=\"true\" class=\"e-font-icon-svg e-fas-long-arrow-alt-right\" viewBox=\"0 0 448 512\" xmlns=\"http:\/\/www.w3.org\/2000\/svg\"><path d=\"M313.941 216H12c-6.627 0-12 5.373-12 12v56c0 6.627 5.373 12 12 12h301.941v46.059c0 21.382 25.851 32.09 40.971 16.971l86.059-86.059c9.373-9.373 9.373-24.569 0-33.941l-86.059-86.059c-15.119-15.119-40.971-4.411-40.971 16.971V216z\"><\/path><\/svg>\t\t\t<\/span>\n\t\t\t\t\t\t\t\t\t<span class=\"elementor-button-text\">Programme d\u00e9taill\u00e9 des activit\u00e9s<\/span>\n\t\t\t\t\t<\/span>\n\t\t\t\t\t<\/a>\n\t\t\t\t<\/div>\n\t\t\t\t\t\t\t\t<\/div>\n\t\t\t\t<\/div>\n\t\t\t\t<\/div>\n\t\t\t\t<\/div>\n\t\t\t\t<\/div>\n\t\t<div class=\"elementor-element elementor-element-68e4369 e-con-full e-flex e-con e-child\" data-id=\"68e4369\" data-element_type=\"container\" data-e-type=\"container\" data-settings=\"{&quot;background_background&quot;:&quot;classic&quot;}\">\n\t\t<div class=\"elementor-element elementor-element-75aa6cd e-con-full e-flex e-con e-child\" data-id=\"75aa6cd\" data-element_type=\"container\" data-e-type=\"container\">\n\t\t\t\t<div class=\"elementor-element elementor-element-67244cf elementor-widget elementor-widget-image\" data-id=\"67244cf\" data-element_type=\"widget\" data-e-type=\"widget\" data-widget_type=\"image.default\">\n\t\t\t\t<div class=\"elementor-widget-container\">\n\t\t\t\t\t\t\t\t\t\t\t\t\t\t\t<img decoding=\"async\" width=\"500\" height=\"500\" src=\"https:\/\/baronbodyworks.ca\/wp-content\/uploads\/2026\/01\/fascia-pour-les-professeurs-de-yoga.png\" class=\"attachment-large size-large wp-image-1255\" alt=\"\" srcset=\"https:\/\/baronbodyworks.ca\/wp-content\/uploads\/2026\/01\/fascia-pour-les-professeurs-de-yoga.png 500w, https:\/\/baronbodyworks.ca\/wp-content\/uploads\/2026\/01\/fascia-pour-les-professeurs-de-yoga-300x300.png 300w, https:\/\/baronbodyworks.ca\/wp-content\/uploads\/2026\/01\/fascia-pour-les-professeurs-de-yoga-150x150.png 150w\" sizes=\"(max-width: 500px) 100vw, 500px\" \/>\t\t\t\t\t\t\t\t\t\t\t\t\t\t\t<\/div>\n\t\t\t\t<\/div>\n\t\t\t\t<\/div>\n\t\t<div class=\"elementor-element elementor-element-2863047 e-con-full e-flex e-con e-child\" data-id=\"2863047\" data-element_type=\"container\" data-e-type=\"container\">\n\t\t\t\t<div class=\"elementor-element elementor-element-0980f08 elementor-widget elementor-widget-heading\" data-id=\"0980f08\" data-element_type=\"widget\" data-e-type=\"widget\" data-widget_type=\"heading.default\">\n\t\t\t\t<div class=\"elementor-widget-container\">\n\t\t\t\t\t<h2 class=\"elementor-heading-title elementor-size-default\">Fascia pour les professeurs de yoga<\/h2>\t\t\t\t<\/div>\n\t\t\t\t<\/div>\n\t\t\t\t<div class=\"elementor-element elementor-element-078eca4 elementor-widget__width-initial elementor-widget elementor-widget-text-editor\" data-id=\"078eca4\" data-element_type=\"widget\" data-e-type=\"widget\" data-widget_type=\"text-editor.default\">\n\t\t\t\t<div class=\"elementor-widget-container\">\n\t\t\t\t\t\t\t\t\t<p>Formations pour professeurs de yoga : Connecter avec le fascia dans la pratique des asanas<\/p>\n<p>Dur\u00e9e : 3 \u00e0 4 heures (options plus longues disponibles)<\/p>\n<p>Explorez le r\u00f4le du fascia dans le yoga gr\u00e2ce \u00e0 un apprentissage exp\u00e9rientiel et \u00e0 la conscience somatique Being Bodyful\u2122. Ce module pr\u00e9sente l\u2019anatomie du fascia, sa terminologie et les recherches sur la connectivit\u00e9 corporelle, aidant les participants \u00e0 traduire le ressenti en mouvement dans les asanas.<\/p>\n<p>\u00c0 propos de BetsyAnn : Ancienne soliste des Grands Ballets Canadiens, BetsyAnn enseigne l\u2019anatomie myofasciale dans les formations pour professeurs de yoga depuis 2015, partageant sa passion pour la connectivit\u00e9 du fascia et son int\u00e9gration dans la pratique des asanas.<\/p>\t\t\t\t\t\t\t\t<\/div>\n\t\t\t\t<\/div>\n\t\t\t\t<div class=\"elementor-element elementor-element-e91f8ea elementor-widget elementor-widget-heading\" data-id=\"e91f8ea\" data-element_type=\"widget\" data-e-type=\"widget\" data-widget_type=\"heading.default\">\n\t\t\t\t<div class=\"elementor-widget-container\">\n\t\t\t\t\t<p class=\"elementor-heading-title elementor-size-default\">Pour inviter BetsyAnn:<\/p>\t\t\t\t<\/div>\n\t\t\t\t<\/div>\n\t\t\t\t<div class=\"elementor-element elementor-element-31859b1 elementor-widget elementor-widget-button\" data-id=\"31859b1\" data-element_type=\"widget\" data-e-type=\"widget\" data-widget_type=\"button.default\">\n\t\t\t\t<div class=\"elementor-widget-container\">\n\t\t\t\t\t\t\t\t\t<div class=\"elementor-button-wrapper\">\n\t\t\t\t\t<a class=\"elementor-button elementor-button-link elementor-size-sm\" href=\"mailto:education@baronbodyworks.ca\" target=\"_blank\">\n\t\t\t\t\t\t<span class=\"elementor-button-content-wrapper\">\n\t\t\t\t\t\t<span class=\"elementor-button-icon\">\n\t\t\t\t<svg aria-hidden=\"true\" class=\"e-font-icon-svg e-fas-envelope\" viewBox=\"0 0 512 512\" xmlns=\"http:\/\/www.w3.org\/2000\/svg\"><path d=\"M502.3 190.8c3.9-3.1 9.7-.2 9.7 4.7V400c0 26.5-21.5 48-48 48H48c-26.5 0-48-21.5-48-48V195.6c0-5 5.7-7.8 9.7-4.7 22.4 17.4 52.1 39.5 154.1 113.6 21.1 15.4 56.7 47.8 92.2 47.6 35.7.3 72-32.8 92.3-47.6 102-74.1 131.6-96.3 154-113.7zM256 320c23.2.4 56.6-29.2 73.4-41.4 132.7-96.3 142.8-104.7 173.4-128.7 5.8-4.5 9.2-11.5 9.2-18.9v-19c0-26.5-21.5-48-48-48H48C21.5 64 0 85.5 0 112v19c0 7.4 3.4 14.3 9.2 18.9 30.6 23.9 40.7 32.4 173.4 128.7 16.8 12.2 50.2 41.8 73.4 41.4z\"><\/path><\/svg>\t\t\t<\/span>\n\t\t\t\t\t\t\t\t\t<span class=\"elementor-button-text\">education@baronbodyworks.ca<\/span>\n\t\t\t\t\t<\/span>\n\t\t\t\t\t<\/a>\n\t\t\t\t<\/div>\n\t\t\t\t\t\t\t\t<\/div>\n\t\t\t\t<\/div>\n\t\t<div class=\"elementor-element elementor-element-4d08648 e-con-full e-flex e-con e-child\" data-id=\"4d08648\" data-element_type=\"container\" data-e-type=\"container\">\n\t\t\t\t<div class=\"elementor-element elementor-element-16f556b elementor-widget elementor-widget-text-editor\" data-id=\"16f556b\" data-element_type=\"widget\" data-e-type=\"widget\" data-widget_type=\"text-editor.default\">\n\t\t\t\t<div class=\"elementor-widget-container\">\n\t\t\t\t\t\t\t\t\t<p><strong>Formations r\u00e9centes\u00a0:<\/strong><\/p>\n<ul>\n<li><strong> UVM: <\/strong>Formations pour professeurs de yoga <strong>avec John McConnel Octobre 2025<\/strong><\/li>\n<li><strong> Happy Tree Yoga: Yin <\/strong>Formations pour professeurs de yoga <strong>Novembre 2025<\/strong><\/li>\n<li><strong> Barrie Risman: <\/strong>Formations pour professeurs de yoga <strong>Janvier 2026<\/strong><\/li>\n<\/ul>\t\t\t\t\t\t\t\t<\/div>\n\t\t\t\t<\/div>\n\t\t\t\t<\/div>\n\t\t\t\t<\/div>\n\t\t\t\t<\/div>\n\t\t\t\t\t<\/div>\n\t\t\t\t<\/div>\n\t\t\t\t<\/div>\n\t\t","protected":false},"excerpt":{"rendered":"<p>Ateliers et conf\u00e9rences Sommet canadien de la massoth\u00e9rapie BetsyAnn Baron a agi comme juge et conf\u00e9renci\u00e8re au Sommet canadien de la massoth\u00e9rapie depuis sa cr\u00e9ation. Au cours des ann\u00e9es pr\u00e9c\u00e9dentes, sa conf\u00e9rence posait la question : \u00ab O\u00f9 habitez-vous dans votre corps ? \u00bb. Cette ann\u00e9e, elle propose une nouvelle conf\u00e9rence ax\u00e9e sur les techniques [&hellip;]<\/p>\n","protected":false},"author":1,"featured_media":0,"parent":0,"menu_order":0,"comment_status":"closed","ping_status":"closed","template":"","meta":{"footnotes":""},"class_list":["post-1247","page","type-page","status-publish","hentry"],"_links":{"self":[{"href":"https:\/\/baronbodyworks.ca\/fr\/wp-json\/wp\/v2\/pages\/1247","targetHints":{"allow":["GET"]}}],"collection":[{"href":"https:\/\/baronbodyworks.ca\/fr\/wp-json\/wp\/v2\/pages"}],"about":[{"href":"https:\/\/baronbodyworks.ca\/fr\/wp-json\/wp\/v2\/types\/page"}],"author":[{"embeddable":true,"href":"https:\/\/baronbodyworks.ca\/fr\/wp-json\/wp\/v2\/users\/1"}],"replies":[{"embeddable":true,"href":"https:\/\/baronbodyworks.ca\/fr\/wp-json\/wp\/v2\/comments?post=1247"}],"version-history":[{"count":16,"href":"https:\/\/baronbodyworks.ca\/fr\/wp-json\/wp\/v2\/pages\/1247\/revisions"}],"predecessor-version":[{"id":1516,"href":"https:\/\/baronbodyworks.ca\/fr\/wp-json\/wp\/v2\/pages\/1247\/revisions\/1516"}],"wp:attachment":[{"href":"https:\/\/baronbodyworks.ca\/fr\/wp-json\/wp\/v2\/media?parent=1247"}],"curies":[{"name":"wp","href":"https:\/\/api.w.org\/{rel}","templated":true}]}}