{"id":1219,"date":"2025-12-10T21:19:43","date_gmt":"2025-12-11T02:19:43","guid":{"rendered":"https:\/\/baronbodyworks.ca\/contact-us\/"},"modified":"2026-01-27T15:08:15","modified_gmt":"2026-01-27T20:08:15","slug":"contact-us","status":"publish","type":"page","link":"https:\/\/baronbodyworks.ca\/fr\/contact-us\/","title":{"rendered":"Nous joindre"},"content":{"rendered":"\t\t<div data-elementor-type=\"wp-page\" data-elementor-id=\"1219\" class=\"elementor elementor-1219 elementor-50\" data-elementor-post-type=\"page\">\n\t\t\t\t<div class=\"elementor-element elementor-element-50ea3e9 e-flex e-con-boxed e-con e-parent\" data-id=\"50ea3e9\" data-element_type=\"container\" data-e-type=\"container\" data-settings=\"{&quot;background_background&quot;:&quot;classic&quot;}\">\n\t\t\t\t\t<div class=\"e-con-inner\">\n\t\t<div class=\"elementor-element elementor-element-e937fb8 e-con-full e-flex e-con e-child\" data-id=\"e937fb8\" data-element_type=\"container\" data-e-type=\"container\">\n\t\t\t\t<div class=\"elementor-element elementor-element-dc3fa13 elementor-widget elementor-widget-heading\" data-id=\"dc3fa13\" data-element_type=\"widget\" data-e-type=\"widget\" data-widget_type=\"heading.default\">\n\t\t\t\t<div class=\"elementor-widget-container\">\n\t\t\t\t\t<span class=\"elementor-heading-title elementor-size-default\">NOUS JOINDRE<\/span>\t\t\t\t<\/div>\n\t\t\t\t<\/div>\n\t\t\t\t<div class=\"elementor-element elementor-element-4fe1bae elementor-widget elementor-widget-heading\" data-id=\"4fe1bae\" data-element_type=\"widget\" data-e-type=\"widget\" data-widget_type=\"heading.default\">\n\t\t\t\t<div class=\"elementor-widget-container\">\n\t\t\t\t\t<h1 class=\"elementor-heading-title elementor-size-default\">Contactez-nous<\/h1>\t\t\t\t<\/div>\n\t\t\t\t<\/div>\n\t\t\t\t<div class=\"elementor-element elementor-element-06bed60 elementor-widget elementor-widget-text-editor\" data-id=\"06bed60\" data-element_type=\"widget\" data-e-type=\"widget\" data-widget_type=\"text-editor.default\">\n\t\t\t\t<div class=\"elementor-widget-container\">\n\t\t\t\t\t\t\t\t\t<p>Nous sommes toujours ravis de vous entendre.<br \/>N\u2019h\u00e9sitez pas \u00e0 nous envoyer un message pour toute question, pr\u00e9occupation ou commentaire.<\/p>\t\t\t\t\t\t\t\t<\/div>\n\t\t\t\t<\/div>\n\t\t\t\t<\/div>\n\t\t<div class=\"elementor-element elementor-element-78fafb8 e-con-full e-flex e-con e-child\" data-id=\"78fafb8\" data-element_type=\"container\" data-e-type=\"container\" data-settings=\"{&quot;background_background&quot;:&quot;classic&quot;}\">\n\t\t\t\t<div class=\"elementor-element elementor-element-cf7612d elementor-button-align-start elementor-widget elementor-widget-form\" data-id=\"cf7612d\" data-element_type=\"widget\" data-e-type=\"widget\" data-settings=\"{&quot;step_next_label&quot;:&quot;Next&quot;,&quot;step_previous_label&quot;:&quot;Previous&quot;,&quot;button_width&quot;:&quot;100&quot;,&quot;step_type&quot;:&quot;number_text&quot;,&quot;step_icon_shape&quot;:&quot;circle&quot;}\" data-widget_type=\"form.default\">\n\t\t\t\t<div class=\"elementor-widget-container\">\n\t\t\t\t\t\t\t<form class=\"elementor-form\" method=\"post\" name=\"Contact Form - FR\" aria-label=\"Contact Form - FR\">\n\t\t\t<input type=\"hidden\" name=\"post_id\" value=\"1219\"\/>\n\t\t\t<input type=\"hidden\" name=\"form_id\" value=\"cf7612d\"\/>\n\t\t\t<input type=\"hidden\" name=\"referer_title\" value=\"Nous joindre\" \/>\n\n\t\t\t\t\t\t\t<input type=\"hidden\" name=\"queried_id\" value=\"1219\"\/>\n\t\t\t\n\t\t\t<div class=\"elementor-form-fields-wrapper elementor-labels-above\">\n\t\t\t\t\t\t\t\t<div class=\"elementor-field-type-text elementor-field-group elementor-column elementor-field-group-name elementor-col-50 elementor-field-required\">\n\t\t\t\t\t\t\t\t\t\t\t\t<label for=\"form-field-name\" class=\"elementor-field-label\">\n\t\t\t\t\t\t\t\tNom\t\t\t\t\t\t\t<\/label>\n\t\t\t\t\t\t\t\t\t\t\t\t\t\t<input size=\"1\" type=\"text\" name=\"form_fields[name]\" id=\"form-field-name\" class=\"elementor-field elementor-size-sm  elementor-field-textual\" required=\"required\">\n\t\t\t\t\t\t\t\t\t\t\t<\/div>\n\t\t\t\t\t\t\t\t<div class=\"elementor-field-type-email elementor-field-group elementor-column elementor-field-group-email elementor-col-50 elementor-field-required\">\n\t\t\t\t\t\t\t\t\t\t\t\t<label for=\"form-field-email\" class=\"elementor-field-label\">\n\t\t\t\t\t\t\t\tCurriel\t\t\t\t\t\t\t<\/label>\n\t\t\t\t\t\t\t\t\t\t\t\t\t\t<input size=\"1\" type=\"email\" name=\"form_fields[email]\" id=\"form-field-email\" class=\"elementor-field elementor-size-sm  elementor-field-textual\" required=\"required\">\n\t\t\t\t\t\t\t\t\t\t\t<\/div>\n\t\t\t\t\t\t\t\t<div class=\"elementor-field-type-select elementor-field-group elementor-column elementor-field-group-field_0c901b0 elementor-col-100 elementor-field-required\">\n\t\t\t\t\t\t\t\t\t\t\t\t<label for=\"form-field-field_0c901b0\" class=\"elementor-field-label\">\n\t\t\t\t\t\t\t\tChoisissez un sujet\t\t\t\t\t\t\t<\/label>\n\t\t\t\t\t\t\t\t<div class=\"elementor-field elementor-select-wrapper remove-before \">\n\t\t\t<div class=\"select-caret-down-wrapper\">\n\t\t\t\t<svg aria-hidden=\"true\" class=\"e-font-icon-svg e-eicon-caret-down\" viewBox=\"0 0 571.4 571.4\" xmlns=\"http:\/\/www.w3.org\/2000\/svg\"><path d=\"M571 393Q571 407 561 418L311 668Q300 679 286 679T261 668L11 418Q0 407 0 393T11 368 36 357H536Q550 357 561 368T571 393Z\"><\/path><\/svg>\t\t\t<\/div>\n\t\t\t<select name=\"form_fields[field_0c901b0]\" id=\"form-field-field_0c901b0\" class=\"elementor-field-textual elementor-size-sm\" required=\"required\">\n\t\t\t\t\t\t\t\t\t<option value=\" renseignements_formation\">Renseignements sur les formations<\/option>\n\t\t\t\t\t\t\t\t\t<option value=\" reference_therapeute\">R\u00e9f\u00e9rence \u00e0 un(e) th\u00e9rapeute TMS <\/option>\n\t\t\t\t\t\t\t\t\t<option value=\" opportunites\">Opportunit\u00e9s de conf\u00e9rences ou d\u2019invitations \u00e0 des \u00e9v\u00e9nements <\/option>\n\t\t\t\t\t\t\t\t\t<option value=\" autre\">Autre <\/option>\n\t\t\t\t\t\t\t<\/select>\n\t\t<\/div>\n\t\t\t\t\t\t<\/div>\n\t\t\t\t\t\t\t\t<div class=\"elementor-field-type-textarea elementor-field-group elementor-column elementor-field-group-message elementor-col-100 elementor-field-required\">\n\t\t\t\t\t\t\t\t\t\t\t\t<label for=\"form-field-message\" class=\"elementor-field-label\">\n\t\t\t\t\t\t\t\tMessage\t\t\t\t\t\t\t<\/label>\n\t\t\t\t\t\t<textarea class=\"elementor-field-textual elementor-field  elementor-size-sm\" name=\"form_fields[message]\" id=\"form-field-message\" rows=\"4\" required=\"required\"><\/textarea>\t\t\t\t<\/div>\n\t\t\t\t\t\t\t\t<div class=\"elementor-field-group elementor-column elementor-field-type-submit elementor-col-100 e-form__buttons\">\n\t\t\t\t\t<button class=\"elementor-button elementor-size-sm\" type=\"submit\">\n\t\t\t\t\t\t<span class=\"elementor-button-content-wrapper\">\n\t\t\t\t\t\t\t\t\t\t\t\t\t\t\t\t\t\t\t\t\t\t<span class=\"elementor-button-text\">Envoyer<\/span>\n\t\t\t\t\t\t\t\t\t\t\t\t\t<\/span>\n\t\t\t\t\t<\/button>\n\t\t\t\t<\/div>\n\t\t\t<\/div>\n\t\t<\/form>\n\t\t\t\t\t\t<\/div>\n\t\t\t\t<\/div>\n\t\t\t\t<\/div>\n\t\t\t\t\t<\/div>\n\t\t\t\t<\/div>\n\t\t<div class=\"elementor-element elementor-element-5e902fc e-flex e-con-boxed e-con e-parent\" data-id=\"5e902fc\" data-element_type=\"container\" data-e-type=\"container\" data-settings=\"{&quot;background_background&quot;:&quot;classic&quot;}\">\n\t\t\t\t\t<div class=\"e-con-inner\">\n\t\t<div class=\"elementor-element elementor-element-2ff9255 e-con-full e-flex e-con e-child\" data-id=\"2ff9255\" data-element_type=\"container\" data-e-type=\"container\">\n\t\t\t\t<div class=\"elementor-element elementor-element-74f04e4 elementor-widget elementor-widget-heading\" data-id=\"74f04e4\" data-element_type=\"widget\" data-e-type=\"widget\" data-widget_type=\"heading.default\">\n\t\t\t\t<div class=\"elementor-widget-container\">\n\t\t\t\t\t<h2 class=\"elementor-heading-title elementor-size-default\">Foire aux questions<\/h2>\t\t\t\t<\/div>\n\t\t\t\t<\/div>\n\t\t\t\t<div class=\"elementor-element elementor-element-cb7b4c5 elementor-widget elementor-widget-n-accordion\" data-id=\"cb7b4c5\" data-element_type=\"widget\" data-e-type=\"widget\" data-settings=\"{&quot;default_state&quot;:&quot;all_collapsed&quot;,&quot;max_items_expended&quot;:&quot;multiple&quot;,&quot;n_accordion_animation_duration&quot;:{&quot;unit&quot;:&quot;ms&quot;,&quot;size&quot;:400,&quot;sizes&quot;:[]}}\" data-widget_type=\"nested-accordion.default\">\n\t\t\t\t<div class=\"elementor-widget-container\">\n\t\t\t\t\t\t\t<div class=\"e-n-accordion\" aria-label=\"Accordion. Open links with Enter or Space, close with Escape, and navigate with Arrow Keys\">\n\t\t\t\t\t\t<details id=\"e-n-accordion-item-2130\" class=\"e-n-accordion-item\" >\n\t\t\t\t<summary class=\"e-n-accordion-item-title\" data-accordion-index=\"1\" tabindex=\"0\" aria-expanded=\"false\" aria-controls=\"e-n-accordion-item-2130\" >\n\t\t\t\t\t<span class='e-n-accordion-item-title-header'><h3 class=\"e-n-accordion-item-title-text\"> Quelle est la diff\u00e9rence entre le programme offert par Atlas M\u00e9dic et celui de Setsuko ? <\/h3><\/span>\n\t\t\t\t\t\t\t<span class='e-n-accordion-item-title-icon'>\n\t\t\t<span class='e-opened' ><svg aria-hidden=\"true\" class=\"e-font-icon-svg e-fas-minus\" viewBox=\"0 0 448 512\" xmlns=\"http:\/\/www.w3.org\/2000\/svg\"><path d=\"M416 208H32c-17.67 0-32 14.33-32 32v32c0 17.67 14.33 32 32 32h384c17.67 0 32-14.33 32-32v-32c0-17.67-14.33-32-32-32z\"><\/path><\/svg><\/span>\n\t\t\t<span class='e-closed'><svg aria-hidden=\"true\" class=\"e-font-icon-svg e-fas-plus\" viewBox=\"0 0 448 512\" xmlns=\"http:\/\/www.w3.org\/2000\/svg\"><path d=\"M416 208H272V64c0-17.67-14.33-32-32-32h-32c-17.67 0-32 14.33-32 32v144H32c-17.67 0-32 14.33-32 32v32c0 17.67 14.33 32 32 32h144v144c0 17.67 14.33 32 32 32h32c17.67 0 32-14.33 32-32V304h144c17.67 0 32-14.33 32-32v-32c0-17.67-14.33-32-32-32z\"><\/path><\/svg><\/span>\n\t\t<\/span>\n\n\t\t\t\t\t\t<\/summary>\n\t\t\t\t<div role=\"region\" aria-labelledby=\"e-n-accordion-item-2130\" class=\"elementor-element elementor-element-efc6051 e-con-full e-flex e-con e-child\" data-id=\"efc6051\" data-element_type=\"container\" data-e-type=\"container\">\n\t\t\t\t<div class=\"elementor-element elementor-element-1358346 elementor-widget elementor-widget-text-editor\" data-id=\"1358346\" data-element_type=\"widget\" data-e-type=\"widget\" data-widget_type=\"text-editor.default\">\n\t\t\t\t<div class=\"elementor-widget-container\">\n\t\t\t\t\t\t\t\t\t<p>Les deux programmes s\u2019adressent \u00e0 des th\u00e9rapeutes manuels int\u00e9ress\u00e9s par le corps myofascial et par les questions plus profondes qu\u2019il permet d\u2019explorer, en particulier : \u00ab Qu\u2019est-ce que cela pourrait \u00eatre d\u2019autre ? \u00bb<\/p><p>Les participants d\u2019<strong>Atlas M\u00e9dic<\/strong> sont principalement des physioth\u00e9rapeutes, des technologues en physioth\u00e9rapie et des massoth\u00e9rapeutes exp\u00e9riment\u00e9s travaillant dans des milieux ax\u00e9s sur la physioth\u00e9rapie. Le programme est offert en <strong>4 niveaux<\/strong>, chacun d\u2019une dur\u00e9e de <strong>2 jours<\/strong>, le <strong>niveau 1<\/strong> \u00e9tant propos\u00e9 en format <strong>hybride<\/strong> (un webinaire de 4,5 heures suivi d\u2019un cours en pr\u00e9sentiel).<\/p><p>Les formations <strong>Setsuko<\/strong> s\u2019adressent principalement aux <strong>massoth\u00e9rapeutes<\/strong>. Le programme est divis\u00e9 en <strong>3 niveaux<\/strong>, chacun offert sous forme de <strong>3 jours en pr\u00e9sentiel<\/strong>.<\/p>\t\t\t\t\t\t\t\t<\/div>\n\t\t\t\t<\/div>\n\t\t\t\t<\/div>\n\t\t\t\t\t<\/details>\n\t\t\t\t\t\t<details id=\"e-n-accordion-item-2131\" class=\"e-n-accordion-item\" >\n\t\t\t\t<summary class=\"e-n-accordion-item-title\" data-accordion-index=\"2\" tabindex=\"-1\" aria-expanded=\"false\" aria-controls=\"e-n-accordion-item-2131\" >\n\t\t\t\t\t<span class='e-n-accordion-item-title-header'><h3 class=\"e-n-accordion-item-title-text\"> Si je suis un cours avec Atlas M\u00e9dic, puis-je poursuivre avec Setsuko, et vice-versa? <\/h3><\/span>\n\t\t\t\t\t\t\t<span class='e-n-accordion-item-title-icon'>\n\t\t\t<span class='e-opened' ><svg aria-hidden=\"true\" class=\"e-font-icon-svg e-fas-minus\" viewBox=\"0 0 448 512\" xmlns=\"http:\/\/www.w3.org\/2000\/svg\"><path d=\"M416 208H32c-17.67 0-32 14.33-32 32v32c0 17.67 14.33 32 32 32h384c17.67 0 32-14.33 32-32v-32c0-17.67-14.33-32-32-32z\"><\/path><\/svg><\/span>\n\t\t\t<span class='e-closed'><svg aria-hidden=\"true\" class=\"e-font-icon-svg e-fas-plus\" viewBox=\"0 0 448 512\" xmlns=\"http:\/\/www.w3.org\/2000\/svg\"><path d=\"M416 208H272V64c0-17.67-14.33-32-32-32h-32c-17.67 0-32 14.33-32 32v144H32c-17.67 0-32 14.33-32 32v32c0 17.67 14.33 32 32 32h144v144c0 17.67 14.33 32 32 32h32c17.67 0 32-14.33 32-32V304h144c17.67 0 32-14.33 32-32v-32c0-17.67-14.33-32-32-32z\"><\/path><\/svg><\/span>\n\t\t<\/span>\n\n\t\t\t\t\t\t<\/summary>\n\t\t\t\t<div role=\"region\" aria-labelledby=\"e-n-accordion-item-2131\" class=\"elementor-element elementor-element-5bc83af e-con-full e-flex e-con e-child\" data-id=\"5bc83af\" data-element_type=\"container\" data-e-type=\"container\">\n\t\t\t\t<div class=\"elementor-element elementor-element-3e5462f elementor-widget elementor-widget-text-editor\" data-id=\"3e5462f\" data-element_type=\"widget\" data-e-type=\"widget\" data-widget_type=\"text-editor.default\">\n\t\t\t\t<div class=\"elementor-widget-container\">\n\t\t\t\t\t\t\t\t\t<p>Le niveau 1 offre essentiellement le m\u00eame contenu. Apr\u00e8s avoir compl\u00e9t\u00e9 le niveau 1, il est pr\u00e9f\u00e9rable de choisir soit le parcours modulaire avec Atlas M\u00e9dic, soit le parcours immersif avec Setsuko.<\/p>\t\t\t\t\t\t\t\t<\/div>\n\t\t\t\t<\/div>\n\t\t\t\t<\/div>\n\t\t\t\t\t<\/details>\n\t\t\t\t\t\t<details id=\"e-n-accordion-item-2132\" class=\"e-n-accordion-item\" >\n\t\t\t\t<summary class=\"e-n-accordion-item-title\" data-accordion-index=\"3\" tabindex=\"-1\" aria-expanded=\"false\" aria-controls=\"e-n-accordion-item-2132\" >\n\t\t\t\t\t<span class='e-n-accordion-item-title-header'><h3 class=\"e-n-accordion-item-title-text\"> Dans quelle(s) langue(s) le programme est-il enseign\u00e9 ? <\/h3><\/span>\n\t\t\t\t\t\t\t<span class='e-n-accordion-item-title-icon'>\n\t\t\t<span class='e-opened' ><svg aria-hidden=\"true\" class=\"e-font-icon-svg e-fas-minus\" viewBox=\"0 0 448 512\" xmlns=\"http:\/\/www.w3.org\/2000\/svg\"><path d=\"M416 208H32c-17.67 0-32 14.33-32 32v32c0 17.67 14.33 32 32 32h384c17.67 0 32-14.33 32-32v-32c0-17.67-14.33-32-32-32z\"><\/path><\/svg><\/span>\n\t\t\t<span class='e-closed'><svg aria-hidden=\"true\" class=\"e-font-icon-svg e-fas-plus\" viewBox=\"0 0 448 512\" xmlns=\"http:\/\/www.w3.org\/2000\/svg\"><path d=\"M416 208H272V64c0-17.67-14.33-32-32-32h-32c-17.67 0-32 14.33-32 32v144H32c-17.67 0-32 14.33-32 32v32c0 17.67 14.33 32 32 32h144v144c0 17.67 14.33 32 32 32h32c17.67 0 32-14.33 32-32V304h144c17.67 0 32-14.33 32-32v-32c0-17.67-14.33-32-32-32z\"><\/path><\/svg><\/span>\n\t\t<\/span>\n\n\t\t\t\t\t\t<\/summary>\n\t\t\t\t<div role=\"region\" aria-labelledby=\"e-n-accordion-item-2132\" class=\"elementor-element elementor-element-56ea53f e-flex e-con-boxed e-con e-child\" data-id=\"56ea53f\" data-element_type=\"container\" data-e-type=\"container\">\n\t\t\t\t\t<div class=\"e-con-inner\">\n\t\t\t\t<div class=\"elementor-element elementor-element-6c5e8d6 elementor-widget elementor-widget-text-editor\" data-id=\"6c5e8d6\" data-element_type=\"widget\" data-e-type=\"widget\" data-widget_type=\"text-editor.default\">\n\t\t\t\t<div class=\"elementor-widget-container\">\n\t\t\t\t\t\t\t\t\t<p>Le programme d\u2019Atlas M\u00e9dic est enti\u00e8rement offert en fran\u00e7ais.<\/p><p>Le programme propos\u00e9 avec Setsuko est enseign\u00e9 en anglais. Le manuel de cours est disponible en anglais et en fran\u00e7ais. Nos formatrices sont \u00e9galement bilingues.<\/p>\t\t\t\t\t\t\t\t<\/div>\n\t\t\t\t<\/div>\n\t\t\t\t\t<\/div>\n\t\t\t\t<\/div>\n\t\t\t\t\t<\/details>\n\t\t\t\t\t\t<details id=\"e-n-accordion-item-2133\" class=\"e-n-accordion-item\" >\n\t\t\t\t<summary class=\"e-n-accordion-item-title\" data-accordion-index=\"4\" tabindex=\"-1\" aria-expanded=\"false\" aria-controls=\"e-n-accordion-item-2133\" >\n\t\t\t\t\t<span class='e-n-accordion-item-title-header'><h3 class=\"e-n-accordion-item-title-text\"> La formation TMS\u00ae offre-t-elle une accr\u00e9ditation en formation continue? <\/h3><\/span>\n\t\t\t\t\t\t\t<span class='e-n-accordion-item-title-icon'>\n\t\t\t<span class='e-opened' ><svg aria-hidden=\"true\" class=\"e-font-icon-svg e-fas-minus\" viewBox=\"0 0 448 512\" xmlns=\"http:\/\/www.w3.org\/2000\/svg\"><path d=\"M416 208H32c-17.67 0-32 14.33-32 32v32c0 17.67 14.33 32 32 32h384c17.67 0 32-14.33 32-32v-32c0-17.67-14.33-32-32-32z\"><\/path><\/svg><\/span>\n\t\t\t<span class='e-closed'><svg aria-hidden=\"true\" class=\"e-font-icon-svg e-fas-plus\" viewBox=\"0 0 448 512\" xmlns=\"http:\/\/www.w3.org\/2000\/svg\"><path d=\"M416 208H272V64c0-17.67-14.33-32-32-32h-32c-17.67 0-32 14.33-32 32v144H32c-17.67 0-32 14.33-32 32v32c0 17.67 14.33 32 32 32h144v144c0 17.67 14.33 32 32 32h32c17.67 0 32-14.33 32-32V304h144c17.67 0 32-14.33 32-32v-32c0-17.67-14.33-32-32-32z\"><\/path><\/svg><\/span>\n\t\t<\/span>\n\n\t\t\t\t\t\t<\/summary>\n\t\t\t\t<div role=\"region\" aria-labelledby=\"e-n-accordion-item-2133\" class=\"elementor-element elementor-element-19c0681 e-flex e-con-boxed e-con e-child\" data-id=\"19c0681\" data-element_type=\"container\" data-e-type=\"container\">\n\t\t\t\t\t<div class=\"e-con-inner\">\n\t\t\t\t<div class=\"elementor-element elementor-element-cf5c0fe elementor-widget elementor-widget-text-editor\" data-id=\"cf5c0fe\" data-element_type=\"widget\" data-e-type=\"widget\" data-widget_type=\"text-editor.default\">\n\t\t\t\t<div class=\"elementor-widget-container\">\n\t\t\t\t\t\t\t\t\t<p>Oui. \u00c0 la fin de chaque niveau, vous recevrez un certificat de r\u00e9ussite du cours.<\/p><p>La formation TMS\u00ae est accr\u00e9dit\u00e9e par l\u2019OPPQ.<\/p><p>Les massoth\u00e9rapeutes qui choisissent le parcours modulaire avec Atlas M\u00e9dic pourraient devoir effectuer des d\u00e9marches suppl\u00e9mentaires afin d\u2019obtenir l\u2019accr\u00e9ditation de leur association professionnelle.<\/p><p>Pour les massoth\u00e9rapeutes qui choisissent le parcours immersif avec Setsuko, l\u2019accr\u00e9ditation est directement d\u00e9livr\u00e9e par l\u2019\u00c9cole Setsuko Holistic Health Education.<\/p><p>Si vous avez des questions, n\u2019h\u00e9sitez pas \u00e0 nous contacter en remplissant le formulaire ci-dessus.<\/p>\t\t\t\t\t\t\t\t<\/div>\n\t\t\t\t<\/div>\n\t\t\t\t\t<\/div>\n\t\t\t\t<\/div>\n\t\t\t\t\t<\/details>\n\t\t\t\t\t<\/div>\n\t\t\t\t\t<script type=\"application\/ld+json\">{\"@context\":\"https:\\\/\\\/schema.org\",\"@type\":\"FAQPage\",\"mainEntity\":[{\"@type\":\"Question\",\"name\":\"Quelle est la diff\\u00e9rence entre le programme offert par Atlas M\\u00e9dic et celui de Setsuko ?\",\"acceptedAnswer\":{\"@type\":\"Answer\",\"text\":\"Les deux programmes s\\u2019adressent \\u00e0 des th\\u00e9rapeutes manuels int\\u00e9ress\\u00e9s par le corps myofascial et par les questions plus profondes qu\\u2019il permet d\\u2019explorer, en particulier : \\u00ab Qu\\u2019est-ce que cela pourrait \\u00eatre d\\u2019autre ? \\u00bbLes participants d\\u2019Atlas M\\u00e9dic sont principalement des physioth\\u00e9rapeutes, des technologues en physioth\\u00e9rapie et des massoth\\u00e9rapeutes exp\\u00e9riment\\u00e9s travaillant dans des milieux ax\\u00e9s sur la physioth\\u00e9rapie. Le programme est offert en 4 niveaux, chacun d\\u2019une dur\\u00e9e de 2 jours, le niveau 1 \\u00e9tant propos\\u00e9 en format hybride (un webinaire de 4,5 heures suivi d\\u2019un cours en pr\\u00e9sentiel).Les formations Setsuko s\\u2019adressent principalement aux massoth\\u00e9rapeutes. Le programme est divis\\u00e9 en 3 niveaux, chacun offert sous forme de 3 jours en pr\\u00e9sentiel.\"}},{\"@type\":\"Question\",\"name\":\"Si je suis un cours avec Atlas M\\u00e9dic, puis-je poursuivre avec Setsuko, et vice-versa?\",\"acceptedAnswer\":{\"@type\":\"Answer\",\"text\":\"Le niveau 1 offre essentiellement le m\\u00eame contenu. Apr\\u00e8s avoir compl\\u00e9t\\u00e9 le niveau 1, il est pr\\u00e9f\\u00e9rable de choisir soit le parcours modulaire avec Atlas M\\u00e9dic, soit le parcours immersif avec Setsuko.\"}},{\"@type\":\"Question\",\"name\":\"Dans quelle(s) langue(s) le programme est-il enseign\\u00e9 ?\",\"acceptedAnswer\":{\"@type\":\"Answer\",\"text\":\"Le programme d\\u2019Atlas M\\u00e9dic est enti\\u00e8rement offert en fran\\u00e7ais.Le programme propos\\u00e9 avec Setsuko est enseign\\u00e9 en anglais. Le manuel de cours est disponible en anglais et en fran\\u00e7ais. Nos formatrices sont \\u00e9galement bilingues.\"}},{\"@type\":\"Question\",\"name\":\"La formation TMS\\u00ae offre-t-elle une accr\\u00e9ditation en formation continue?\",\"acceptedAnswer\":{\"@type\":\"Answer\",\"text\":\"Oui. \\u00c0 la fin de chaque niveau, vous recevrez un certificat de r\\u00e9ussite du cours.La formation TMS\\u00ae est accr\\u00e9dit\\u00e9e par l\\u2019OPPQ.Les massoth\\u00e9rapeutes qui choisissent le parcours modulaire avec Atlas M\\u00e9dic pourraient devoir effectuer des d\\u00e9marches suppl\\u00e9mentaires afin d\\u2019obtenir l\\u2019accr\\u00e9ditation de leur association professionnelle.Pour les massoth\\u00e9rapeutes qui choisissent le parcours immersif avec Setsuko, l\\u2019accr\\u00e9ditation est directement d\\u00e9livr\\u00e9e par l\\u2019\\u00c9cole Setsuko Holistic Health Education.Si vous avez des questions, n\\u2019h\\u00e9sitez pas \\u00e0 nous contacter en remplissant le formulaire ci-dessus.\"}}]}<\/script>\n\t\t\t\t\t\t\t<\/div>\n\t\t\t\t<\/div>\n\t\t\t\t<\/div>\n\t\t\t\t\t<\/div>\n\t\t\t\t<\/div>\n\t\t\t\t<\/div>\n\t\t","protected":false},"excerpt":{"rendered":"<p>NOUS JOINDRE Contactez-nous Nous sommes toujours ravis de vous entendre.N\u2019h\u00e9sitez pas \u00e0 nous envoyer un message pour toute question, pr\u00e9occupation ou commentaire. Foire aux questions Quelle est la diff\u00e9rence entre le programme offert par Atlas M\u00e9dic et celui de Setsuko ? Les deux programmes s\u2019adressent \u00e0 des th\u00e9rapeutes manuels int\u00e9ress\u00e9s par le corps myofascial et [&hellip;]<\/p>\n","protected":false},"author":1,"featured_media":0,"parent":0,"menu_order":0,"comment_status":"closed","ping_status":"closed","template":"","meta":{"footnotes":""},"class_list":["post-1219","page","type-page","status-publish","hentry"],"_links":{"self":[{"href":"https:\/\/baronbodyworks.ca\/fr\/wp-json\/wp\/v2\/pages\/1219","targetHints":{"allow":["GET"]}}],"collection":[{"href":"https:\/\/baronbodyworks.ca\/fr\/wp-json\/wp\/v2\/pages"}],"about":[{"href":"https:\/\/baronbodyworks.ca\/fr\/wp-json\/wp\/v2\/types\/page"}],"author":[{"embeddable":true,"href":"https:\/\/baronbodyworks.ca\/fr\/wp-json\/wp\/v2\/users\/1"}],"replies":[{"embeddable":true,"href":"https:\/\/baronbodyworks.ca\/fr\/wp-json\/wp\/v2\/comments?post=1219"}],"version-history":[{"count":10,"href":"https:\/\/baronbodyworks.ca\/fr\/wp-json\/wp\/v2\/pages\/1219\/revisions"}],"predecessor-version":[{"id":1407,"href":"https:\/\/baronbodyworks.ca\/fr\/wp-json\/wp\/v2\/pages\/1219\/revisions\/1407"}],"wp:attachment":[{"href":"https:\/\/baronbodyworks.ca\/fr\/wp-json\/wp\/v2\/media?parent=1219"}],"curies":[{"name":"wp","href":"https:\/\/api.w.org\/{rel}","templated":true}]}}