{"id":1180,"date":"2025-12-10T18:42:46","date_gmt":"2025-12-10T23:42:46","guid":{"rendered":"https:\/\/baronbodyworks.ca\/home\/"},"modified":"2026-02-19T22:51:01","modified_gmt":"2026-02-20T03:51:01","slug":"accueil","status":"publish","type":"page","link":"https:\/\/baronbodyworks.ca\/fr\/","title":{"rendered":"Accueil"},"content":{"rendered":"\t\t<div data-elementor-type=\"wp-page\" data-elementor-id=\"1180\" class=\"elementor elementor-1180 elementor-15\" data-elementor-post-type=\"page\">\n\t\t\t\t<div class=\"elementor-element elementor-element-42816b2 e-con-full e-flex e-con e-parent\" data-id=\"42816b2\" data-element_type=\"container\" data-e-type=\"container\">\n\t\t<div class=\"elementor-element elementor-element-b7549c0 e-flex e-con-boxed e-con e-child\" data-id=\"b7549c0\" data-element_type=\"container\" data-e-type=\"container\">\n\t\t\t\t\t<div class=\"e-con-inner\">\n\t\t<div class=\"elementor-element elementor-element-c850df9 e-con-full e-flex e-con e-child\" data-id=\"c850df9\" data-element_type=\"container\" data-e-type=\"container\">\n\t\t\t\t<div class=\"elementor-element elementor-element-6802f9f elementor-widget elementor-widget-image\" data-id=\"6802f9f\" data-element_type=\"widget\" data-e-type=\"widget\" data-widget_type=\"image.default\">\n\t\t\t\t<div class=\"elementor-widget-container\">\n\t\t\t\t\t\t\t\t\t\t\t\t\t\t\t<img decoding=\"async\" src=\"https:\/\/baronbodyworks.ca\/wp-content\/uploads\/2026\/02\/tms-2026.svg\" class=\"attachment-full size-full wp-image-1459\" alt=\"\" \/>\t\t\t\t\t\t\t\t\t\t\t\t\t\t\t<\/div>\n\t\t\t\t<\/div>\n\t\t\t\t<div class=\"elementor-element elementor-element-d1536d0 elementor-widget elementor-widget-heading\" data-id=\"d1536d0\" data-element_type=\"widget\" data-e-type=\"widget\" data-widget_type=\"heading.default\">\n\t\t\t\t<div class=\"elementor-widget-container\">\n\t\t\t\t\t<h1 class=\"elementor-heading-title elementor-size-default\">D\u00e9couvrez la Th\u00e9rapie Myofasciale Structurale\u00ae avec Baron Bodyworks <\/h1>\t\t\t\t<\/div>\n\t\t\t\t<\/div>\n\t\t\t\t<div class=\"elementor-element elementor-element-e8ad5c8 elementor-widget__width-initial elementor-widget elementor-widget-text-editor\" data-id=\"e8ad5c8\" data-element_type=\"widget\" data-e-type=\"widget\" data-widget_type=\"text-editor.default\">\n\t\t\t\t<div class=\"elementor-widget-container\">\n\t\t\t\t\t\t\t\t\t<p>\u00catre curieux\u00b7se. Explorer. Apprendre. Int\u00e9grer.<\/p>\t\t\t\t\t\t\t\t<\/div>\n\t\t\t\t<\/div>\n\t\t\t\t<\/div>\n\t\t\t\t\t<\/div>\n\t\t\t\t<\/div>\n\t\t\t\t<\/div>\n\t\t<div class=\"elementor-element elementor-element-6fb7208 e-flex e-con-boxed e-con e-parent\" data-id=\"6fb7208\" data-element_type=\"container\" data-e-type=\"container\">\n\t\t\t\t\t<div class=\"e-con-inner\">\n\t\t<div class=\"elementor-element elementor-element-a0222f3 e-con-full e-flex e-con e-child\" data-id=\"a0222f3\" data-element_type=\"container\" data-e-type=\"container\">\n\t\t<div class=\"elementor-element elementor-element-0a67df1 e-con-full e-flex e-con e-child\" data-id=\"0a67df1\" data-element_type=\"container\" data-e-type=\"container\" data-settings=\"{&quot;background_background&quot;:&quot;classic&quot;,&quot;shape_divider_bottom&quot;:&quot;mountains&quot;}\">\n\t\t\t\t<div class=\"elementor-shape elementor-shape-bottom\" aria-hidden=\"true\" data-negative=\"false\">\n\t\t\t<svg xmlns=\"http:\/\/www.w3.org\/2000\/svg\" viewBox=\"0 0 1000 100\" preserveAspectRatio=\"none\">\n\t<path class=\"elementor-shape-fill\" opacity=\"0.33\" d=\"M473,67.3c-203.9,88.3-263.1-34-320.3,0C66,119.1,0,59.7,0,59.7V0h1000v59.7 c0,0-62.1,26.1-94.9,29.3c-32.8,3.3-62.8-12.3-75.8-22.1C806,49.6,745.3,8.7,694.9,4.7S492.4,59,473,67.3z\"\/>\n\t<path class=\"elementor-shape-fill\" opacity=\"0.66\" d=\"M734,67.3c-45.5,0-77.2-23.2-129.1-39.1c-28.6-8.7-150.3-10.1-254,39.1 s-91.7-34.4-149.2,0C115.7,118.3,0,39.8,0,39.8V0h1000v36.5c0,0-28.2-18.5-92.1-18.5C810.2,18.1,775.7,67.3,734,67.3z\"\/>\n\t<path class=\"elementor-shape-fill\" d=\"M766.1,28.9c-200-57.5-266,65.5-395.1,19.5C242,1.8,242,5.4,184.8,20.6C128,35.8,132.3,44.9,89.9,52.5C28.6,63.7,0,0,0,0 h1000c0,0-9.9,40.9-83.6,48.1S829.6,47,766.1,28.9z\"\/>\n<\/svg>\t\t<\/div>\n\t\t\t\t<\/div>\n\t\t<div class=\"elementor-element elementor-element-bf94f74 e-con-full e-flex e-con e-child\" data-id=\"bf94f74\" data-element_type=\"container\" data-e-type=\"container\">\n\t\t\t\t<div class=\"elementor-element elementor-element-d0fc5fb elementor-widget elementor-widget-text-editor\" data-id=\"d0fc5fb\" data-element_type=\"widget\" data-e-type=\"widget\" data-widget_type=\"text-editor.default\">\n\t\t\t\t<div class=\"elementor-widget-container\">\n\t\t\t\t\t\t\t\t\t<p>Formation continue pour les th\u00e9rapeutes manuels, ainsi que des ateliers et des conf\u00e9rences pour celles et ceux qui explorent le corps fascial \u00e0 travers le mouvement, le yoga et les approches de sant\u00e9 int\u00e9grative.<\/p>\t\t\t\t\t\t\t\t<\/div>\n\t\t\t\t<\/div>\n\t\t\t\t<\/div>\n\t\t\t\t<\/div>\n\t\t\t\t\t<\/div>\n\t\t\t\t<\/div>\n\t\t<div class=\"elementor-element elementor-element-1650108 e-flex e-con-boxed e-con e-parent\" data-id=\"1650108\" data-element_type=\"container\" data-e-type=\"container\" data-settings=\"{&quot;background_background&quot;:&quot;classic&quot;}\">\n\t\t\t\t\t<div class=\"e-con-inner\">\n\t\t<div class=\"elementor-element elementor-element-95f9dd0 e-con-full e-flex e-con e-child\" data-id=\"95f9dd0\" data-element_type=\"container\" data-e-type=\"container\">\n\t\t<div class=\"elementor-element elementor-element-63625f3 e-con-full e-flex e-con e-child\" data-id=\"63625f3\" data-element_type=\"container\" data-e-type=\"container\">\n\t\t\t\t<div class=\"elementor-element elementor-element-07abba4 elementor-widget elementor-widget-heading\" data-id=\"07abba4\" data-element_type=\"widget\" data-e-type=\"widget\" data-widget_type=\"heading.default\">\n\t\t\t\t<div class=\"elementor-widget-container\">\n\t\t\t\t\t<span class=\"elementor-heading-title elementor-size-default\">Th\u00e9rapie Myofasciale Structurale\u00ae <\/span>\t\t\t\t<\/div>\n\t\t\t\t<\/div>\n\t\t\t\t<div class=\"elementor-element elementor-element-0b713d9 elementor-widget elementor-widget-heading\" data-id=\"0b713d9\" data-element_type=\"widget\" data-e-type=\"widget\" data-widget_type=\"heading.default\">\n\t\t\t\t<div class=\"elementor-widget-container\">\n\t\t\t\t\t<h2 class=\"elementor-heading-title elementor-size-default\">Formation avanc\u00e9e<\/h2>\t\t\t\t<\/div>\n\t\t\t\t<\/div>\n\t\t\t\t<\/div>\n\t\t<div class=\"elementor-element elementor-element-de1736e e-con-full e-flex e-con e-child\" data-id=\"de1736e\" data-element_type=\"container\" data-e-type=\"container\">\n\t\t\t\t<div class=\"elementor-element elementor-element-db550a8 elementor-widget elementor-widget-heading\" data-id=\"db550a8\" data-element_type=\"widget\" data-e-type=\"widget\" data-widget_type=\"heading.default\">\n\t\t\t\t<div class=\"elementor-widget-container\">\n\t\t\t\t\t<h3 class=\"elementor-heading-title elementor-size-default\">\u00cates-vous en qu\u00eate de r\u00e9ponses \u00e0 la question : \u00ab Qu\u2019est-ce que cela pourrait \u00eatre d\u2019autre ? \u00bb<\/h3>\t\t\t\t<\/div>\n\t\t\t\t<\/div>\n\t\t\t\t<div class=\"elementor-element elementor-element-1b1c979 elementor-widget__width-initial elementor-widget elementor-widget-text-editor\" data-id=\"1b1c979\" data-element_type=\"widget\" data-e-type=\"widget\" data-widget_type=\"text-editor.default\">\n\t\t\t\t<div class=\"elementor-widget-container\">\n\t\t\t\t\t\t\t\t\t<p>La Th\u00e9rapie Myofasciale Structurale (TMS)\u00ae est une formation continue avanc\u00e9e destin\u00e9e aux praticiens manuels exp\u00e9riment\u00e9s souhaitant approfondir leur compr\u00e9hension du corps myofascial. D\u00e9velopp\u00e9e par BetsyAnn Baron en 2006, la TMS\u00ae enrichit la pratique professionnelle gr\u00e2ce \u00e0 une approche int\u00e9gr\u00e9e de la structure, de la perception et du toucher.<\/p><p>Inspir\u00e9e du travail d\u2019Ida Rolf en Int\u00e9gration Structurale, la TMS\u00ae repose sur deux \u00e9l\u00e9ments essentiels : la conscience posturale somatique et les techniques manuelles myofasciales, au service de s\u00e9ances de traitement coh\u00e9rentes, sensibles et adapt\u00e9es.<\/p><p>Les formations TMS\u00ae sont offertes en format modulaire ou immersif.<\/p>\t\t\t\t\t\t\t\t<\/div>\n\t\t\t\t<\/div>\n\t\t\t\t<\/div>\n\t\t\t\t<\/div>\n\t\t<div class=\"elementor-element elementor-element-342f1e7 e-con-full e-flex e-con e-child\" data-id=\"342f1e7\" data-element_type=\"container\" data-e-type=\"container\" data-settings=\"{&quot;background_background&quot;:&quot;classic&quot;}\">\n\t\t\t\t<div class=\"elementor-element elementor-element-bc905fd elementor-widget elementor-widget-heading\" data-id=\"bc905fd\" data-element_type=\"widget\" data-e-type=\"widget\" data-widget_type=\"heading.default\">\n\t\t\t\t<div class=\"elementor-widget-container\">\n\t\t\t\t\t<h3 class=\"elementor-heading-title elementor-size-default\">Cours<\/h3>\t\t\t\t<\/div>\n\t\t\t\t<\/div>\n\t\t<div class=\"elementor-element elementor-element-ca6b01a e-con-full e-flex e-con e-child\" data-id=\"ca6b01a\" data-element_type=\"container\" data-e-type=\"container\">\n\t\t<div class=\"elementor-element elementor-element-fcdc688 e-con-full e-flex e-con e-child\" data-id=\"fcdc688\" data-element_type=\"container\" data-e-type=\"container\" data-settings=\"{&quot;background_background&quot;:&quot;classic&quot;}\">\n\t\t<div class=\"elementor-element elementor-element-1dd1739 e-con-full e-flex e-con e-child\" data-id=\"1dd1739\" data-element_type=\"container\" data-e-type=\"container\">\n\t\t\t\t<div class=\"elementor-element elementor-element-a22d621 elementor-widget elementor-widget-image\" data-id=\"a22d621\" data-element_type=\"widget\" data-e-type=\"widget\" data-widget_type=\"image.default\">\n\t\t\t\t<div class=\"elementor-widget-container\">\n\t\t\t\t\t\t\t\t\t\t\t\t\t\t\t<img fetchpriority=\"high\" decoding=\"async\" width=\"937\" height=\"776\" src=\"https:\/\/baronbodyworks.ca\/wp-content\/uploads\/2026\/01\/logo.png\" class=\"attachment-full size-full wp-image-1183\" alt=\"\" srcset=\"https:\/\/baronbodyworks.ca\/wp-content\/uploads\/2026\/01\/logo.png 937w, https:\/\/baronbodyworks.ca\/wp-content\/uploads\/2026\/01\/logo-300x248.png 300w, https:\/\/baronbodyworks.ca\/wp-content\/uploads\/2026\/01\/logo-768x636.png 768w\" sizes=\"(max-width: 937px) 100vw, 937px\" \/>\t\t\t\t\t\t\t\t\t\t\t\t\t\t\t<\/div>\n\t\t\t\t<\/div>\n\t\t\t\t<div class=\"elementor-element elementor-element-e0cd7fc elementor-widget elementor-widget-heading\" data-id=\"e0cd7fc\" data-element_type=\"widget\" data-e-type=\"widget\" data-widget_type=\"heading.default\">\n\t\t\t\t<div class=\"elementor-widget-container\">\n\t\t\t\t\t<h4 class=\"elementor-heading-title elementor-size-default\">Tous les th\u00e9rapeutes manuels<\/h4>\t\t\t\t<\/div>\n\t\t\t\t<\/div>\n\t\t\t\t<div class=\"elementor-element elementor-element-eb7717e elementor-widget elementor-widget-text-editor\" data-id=\"eb7717e\" data-element_type=\"widget\" data-e-type=\"widget\" data-widget_type=\"text-editor.default\">\n\t\t\t\t<div class=\"elementor-widget-container\">\n\t\t\t\t\t\t\t\t\t<p><strong>La Th\u00e9rapie Myofasciale Structurale (TMS)\u00ae<\/strong><\/p><p><strong>Parcours modulaire<\/strong> : quatre modules progressifs, chacun propos\u00e9 sous format intensif de deux jours<\/p><p>Formation continue avanc\u00e9e pour tous les th\u00e9rapeutes manuels<\/p><p><em>Enseign\u00e9 en fran\u00e7ais<\/em><\/p>\t\t\t\t\t\t\t\t<\/div>\n\t\t\t\t<\/div>\n\t\t\t\t<\/div>\n\t\t\t\t<div class=\"elementor-element elementor-element-37e3063 elementor-align-left elementor-widget elementor-widget-button\" data-id=\"37e3063\" data-element_type=\"widget\" data-e-type=\"widget\" data-widget_type=\"button.default\">\n\t\t\t\t<div class=\"elementor-widget-container\">\n\t\t\t\t\t\t\t\t\t<div class=\"elementor-button-wrapper\">\n\t\t\t\t\t<a class=\"elementor-button elementor-button-link elementor-size-sm\" href=\"https:\/\/baronbodyworks.ca\/fr\/therapeutes-manuels\/\">\n\t\t\t\t\t\t<span class=\"elementor-button-content-wrapper\">\n\t\t\t\t\t\t<span class=\"elementor-button-icon\">\n\t\t\t\t<svg aria-hidden=\"true\" class=\"e-font-icon-svg e-fas-long-arrow-alt-right\" viewBox=\"0 0 448 512\" xmlns=\"http:\/\/www.w3.org\/2000\/svg\"><path d=\"M313.941 216H12c-6.627 0-12 5.373-12 12v56c0 6.627 5.373 12 12 12h301.941v46.059c0 21.382 25.851 32.09 40.971 16.971l86.059-86.059c9.373-9.373 9.373-24.569 0-33.941l-86.059-86.059c-15.119-15.119-40.971-4.411-40.971 16.971V216z\"><\/path><\/svg>\t\t\t<\/span>\n\t\t\t\t\t\t\t\t\t<span class=\"elementor-button-text\">En savoir plus<\/span>\n\t\t\t\t\t<\/span>\n\t\t\t\t\t<\/a>\n\t\t\t\t<\/div>\n\t\t\t\t\t\t\t\t<\/div>\n\t\t\t\t<\/div>\n\t\t\t\t<\/div>\n\t\t<div class=\"elementor-element elementor-element-ba8b95e e-con-full e-flex e-con e-child\" data-id=\"ba8b95e\" data-element_type=\"container\" data-e-type=\"container\" data-settings=\"{&quot;background_background&quot;:&quot;classic&quot;}\">\n\t\t<div class=\"elementor-element elementor-element-7fb4a21 e-con-full e-flex e-con e-child\" data-id=\"7fb4a21\" data-element_type=\"container\" data-e-type=\"container\">\n\t\t\t\t<div class=\"elementor-element elementor-element-f9bad6b elementor-widget elementor-widget-image\" data-id=\"f9bad6b\" data-element_type=\"widget\" data-e-type=\"widget\" data-widget_type=\"image.default\">\n\t\t\t\t<div class=\"elementor-widget-container\">\n\t\t\t\t\t\t\t\t\t\t\t\t\t\t\t<img decoding=\"async\" width=\"939\" height=\"778\" src=\"https:\/\/baronbodyworks.ca\/wp-content\/uploads\/2026\/01\/logo-blue.png\" class=\"attachment-full size-full wp-image-1185\" alt=\"\" srcset=\"https:\/\/baronbodyworks.ca\/wp-content\/uploads\/2026\/01\/logo-blue.png 939w, https:\/\/baronbodyworks.ca\/wp-content\/uploads\/2026\/01\/logo-blue-300x249.png 300w, https:\/\/baronbodyworks.ca\/wp-content\/uploads\/2026\/01\/logo-blue-768x636.png 768w\" sizes=\"(max-width: 939px) 100vw, 939px\" \/>\t\t\t\t\t\t\t\t\t\t\t\t\t\t\t<\/div>\n\t\t\t\t<\/div>\n\t\t\t\t<div class=\"elementor-element elementor-element-6534986 elementor-widget elementor-widget-heading\" data-id=\"6534986\" data-element_type=\"widget\" data-e-type=\"widget\" data-widget_type=\"heading.default\">\n\t\t\t\t<div class=\"elementor-widget-container\">\n\t\t\t\t\t<h4 class=\"elementor-heading-title elementor-size-default\">Massoth\u00e9rapeutes<\/h4>\t\t\t\t<\/div>\n\t\t\t\t<\/div>\n\t\t\t\t<div class=\"elementor-element elementor-element-c74bc43 elementor-widget elementor-widget-text-editor\" data-id=\"c74bc43\" data-element_type=\"widget\" data-e-type=\"widget\" data-widget_type=\"text-editor.default\">\n\t\t\t\t<div class=\"elementor-widget-container\">\n\t\t\t\t\t\t\t\t\t<p>La Th\u00e9rapie Myofasciale Structurale (TMS)\u00ae<\/p><p><strong>Parcours de formation immersive<\/strong> : 3 cours progressifs, chacun propos\u00e9 sous format intensif de trois jours<\/p><p>Formation continue avanc\u00e9e pour les massoth\u00e9rapeutes<\/p><p>Tous les th\u00e9rapeutes manuels sont les bienvenus<\/p><p><em>Enseign\u00e9 en anglais, les manuels sont disponibles en anglais et fran\u00e7ais. Tous nos instructeurs sont \u00e9galement bilingues.<\/em><\/p>\t\t\t\t\t\t\t\t<\/div>\n\t\t\t\t<\/div>\n\t\t\t\t<\/div>\n\t\t\t\t<div class=\"elementor-element elementor-element-a286e20 elementor-align-left elementor-widget elementor-widget-button\" data-id=\"a286e20\" data-element_type=\"widget\" data-e-type=\"widget\" data-widget_type=\"button.default\">\n\t\t\t\t<div class=\"elementor-widget-container\">\n\t\t\t\t\t\t\t\t\t<div class=\"elementor-button-wrapper\">\n\t\t\t\t\t<a class=\"elementor-button elementor-button-link elementor-size-sm\" href=\"https:\/\/baronbodyworks.ca\/fr\/massotherapeutes\/\">\n\t\t\t\t\t\t<span class=\"elementor-button-content-wrapper\">\n\t\t\t\t\t\t<span class=\"elementor-button-icon\">\n\t\t\t\t<svg aria-hidden=\"true\" class=\"e-font-icon-svg e-fas-long-arrow-alt-right\" viewBox=\"0 0 448 512\" xmlns=\"http:\/\/www.w3.org\/2000\/svg\"><path d=\"M313.941 216H12c-6.627 0-12 5.373-12 12v56c0 6.627 5.373 12 12 12h301.941v46.059c0 21.382 25.851 32.09 40.971 16.971l86.059-86.059c9.373-9.373 9.373-24.569 0-33.941l-86.059-86.059c-15.119-15.119-40.971-4.411-40.971 16.971V216z\"><\/path><\/svg>\t\t\t<\/span>\n\t\t\t\t\t\t\t\t\t<span class=\"elementor-button-text\">En savoir plus<\/span>\n\t\t\t\t\t<\/span>\n\t\t\t\t\t<\/a>\n\t\t\t\t<\/div>\n\t\t\t\t\t\t\t\t<\/div>\n\t\t\t\t<\/div>\n\t\t\t\t<\/div>\n\t\t\t\t<\/div>\n\t\t\t\t<\/div>\n\t\t\t\t\t<\/div>\n\t\t\t\t<\/div>\n\t\t<div class=\"elementor-element elementor-element-7a6d4d5 e-flex e-con-boxed e-con e-parent\" data-id=\"7a6d4d5\" data-element_type=\"container\" data-e-type=\"container\" data-settings=\"{&quot;background_background&quot;:&quot;gradient&quot;}\">\n\t\t\t\t\t<div class=\"e-con-inner\">\n\t\t\t\t<div class=\"elementor-element elementor-element-2a20afd elementor-widget elementor-widget-heading\" data-id=\"2a20afd\" data-element_type=\"widget\" data-e-type=\"widget\" data-widget_type=\"heading.default\">\n\t\t\t\t<div class=\"elementor-widget-container\">\n\t\t\t\t\t<h2 class=\"elementor-heading-title elementor-size-default\">Ateliers et conf\u00e9rences<\/h2>\t\t\t\t<\/div>\n\t\t\t\t<\/div>\n\t\t\t\t<div class=\"elementor-element elementor-element-29919f9 elementor-widget elementor-widget-text-editor\" data-id=\"29919f9\" data-element_type=\"widget\" data-e-type=\"widget\" data-widget_type=\"text-editor.default\">\n\t\t\t\t<div class=\"elementor-widget-container\">\n\t\t\t\t\t\t\t\t\t<p>En plus de la formation professionnelle, nous proposons des ateliers et des pr\u00e9sentations en conf\u00e9rence destin\u00e9es \u00e0 des publics vari\u00e9s, notamment les ateliers <strong>Being Bodyful\u2122<\/strong> ouverts \u00e0 tous, ainsi que des interventions dans des conf\u00e9rences, des formations de professeurs de yoga et des espaces d\u2019apprentissage interdisciplinaires. Chaque proposition est adapt\u00e9e \u00e0 son contexte et soutient le d\u00e9veloppement de la conscience incarn\u00e9e \u00e0 travers la posture, le mouvement et l\u2019exploration somatique.<\/p>\t\t\t\t\t\t\t\t<\/div>\n\t\t\t\t<\/div>\n\t\t\t\t<div class=\"elementor-element elementor-element-f3b93b8 elementor-align-left elementor-widget elementor-widget-button\" data-id=\"f3b93b8\" data-element_type=\"widget\" data-e-type=\"widget\" data-widget_type=\"button.default\">\n\t\t\t\t<div class=\"elementor-widget-container\">\n\t\t\t\t\t\t\t\t\t<div class=\"elementor-button-wrapper\">\n\t\t\t\t\t<a class=\"elementor-button elementor-button-link elementor-size-sm\" href=\"https:\/\/baronbodyworks.ca\/fr\/ateliers-et-conferences\/\">\n\t\t\t\t\t\t<span class=\"elementor-button-content-wrapper\">\n\t\t\t\t\t\t<span class=\"elementor-button-icon\">\n\t\t\t\t<svg aria-hidden=\"true\" class=\"e-font-icon-svg e-fas-long-arrow-alt-right\" viewBox=\"0 0 448 512\" xmlns=\"http:\/\/www.w3.org\/2000\/svg\"><path d=\"M313.941 216H12c-6.627 0-12 5.373-12 12v56c0 6.627 5.373 12 12 12h301.941v46.059c0 21.382 25.851 32.09 40.971 16.971l86.059-86.059c9.373-9.373 9.373-24.569 0-33.941l-86.059-86.059c-15.119-15.119-40.971-4.411-40.971 16.971V216z\"><\/path><\/svg>\t\t\t<\/span>\n\t\t\t\t\t\t\t\t\t<span class=\"elementor-button-text\">En savoir plus<\/span>\n\t\t\t\t\t<\/span>\n\t\t\t\t\t<\/a>\n\t\t\t\t<\/div>\n\t\t\t\t\t\t\t\t<\/div>\n\t\t\t\t<\/div>\n\t\t\t\t\t<\/div>\n\t\t\t\t<\/div>\n\t\t\t\t<\/div>\n\t\t","protected":false},"excerpt":{"rendered":"<p>D\u00e9couvrez la Th\u00e9rapie Myofasciale Structurale\u00ae avec Baron Bodyworks \u00catre curieux\u00b7se. Explorer. Apprendre. Int\u00e9grer. Formation continue pour les th\u00e9rapeutes manuels, ainsi que des ateliers et des conf\u00e9rences pour celles et ceux qui explorent le corps fascial \u00e0 travers le mouvement, le yoga et les approches de sant\u00e9 int\u00e9grative. Th\u00e9rapie Myofasciale Structurale\u00ae Formation avanc\u00e9e \u00cates-vous en qu\u00eate [&hellip;]<\/p>\n","protected":false},"author":1,"featured_media":0,"parent":0,"menu_order":0,"comment_status":"closed","ping_status":"closed","template":"","meta":{"footnotes":""},"class_list":["post-1180","page","type-page","status-publish","hentry"],"_links":{"self":[{"href":"https:\/\/baronbodyworks.ca\/fr\/wp-json\/wp\/v2\/pages\/1180","targetHints":{"allow":["GET"]}}],"collection":[{"href":"https:\/\/baronbodyworks.ca\/fr\/wp-json\/wp\/v2\/pages"}],"about":[{"href":"https:\/\/baronbodyworks.ca\/fr\/wp-json\/wp\/v2\/types\/page"}],"author":[{"embeddable":true,"href":"https:\/\/baronbodyworks.ca\/fr\/wp-json\/wp\/v2\/users\/1"}],"replies":[{"embeddable":true,"href":"https:\/\/baronbodyworks.ca\/fr\/wp-json\/wp\/v2\/comments?post=1180"}],"version-history":[{"count":33,"href":"https:\/\/baronbodyworks.ca\/fr\/wp-json\/wp\/v2\/pages\/1180\/revisions"}],"predecessor-version":[{"id":1462,"href":"https:\/\/baronbodyworks.ca\/fr\/wp-json\/wp\/v2\/pages\/1180\/revisions\/1462"}],"wp:attachment":[{"href":"https:\/\/baronbodyworks.ca\/fr\/wp-json\/wp\/v2\/media?parent=1180"}],"curies":[{"name":"wp","href":"https:\/\/api.w.org\/{rel}","templated":true}]}}